{"id":7049,"date":"2021-07-26T08:40:20","date_gmt":"2021-07-26T08:40:20","guid":{"rendered":"https:\/\/www.tribar.nl\/?page_id=7049"},"modified":"2021-07-26T08:40:20","modified_gmt":"2021-07-26T08:40:20","slug":"besonderheiten","status":"publish","type":"page","link":"https:\/\/www.tribar.nl\/de\/anwendungen\/besonderheiten\/","title":{"rendered":"Besonderheiten"},"content":{"rendered":"<div class=\"wpb-content-wrapper\">[vc_row el_class=&#8220;homekop&#8220;][vc_column][vc_column_text]\n<h6>Bewerbungen<\/h6>\n<h2>Tribar Spezial<\/h2>\n<p>Tribar ist robust und kann daher auch als Boden- oder Rinnenrost eingesetzt werden. Je nach gew\u00fcnschter Belastbarkeit k\u00f6nnen wir Sie beraten, welche Konstruktion in Kombination mit einer Abst\u00fctzung am besten geeignet ist. Das Dreiecksprofil des Tribar-Rostes sorgt daf\u00fcr, dass der Schmutz perfekt durch den Rost f\u00e4llt, wodurch der Rost selbst weniger leicht verschmutzt wird.[\/vc_column_text][\/vc_column][\/vc_row][vc_row][vc_column][vc_media_grid grid_id=&#8220;vc_gid:1627288796591-caec5f47-02e8-9&#8243; include=&#8220;741,743,739,737,658,656,4766,1189,1174&#8243;][\/vc_column][\/vc_row]\n<\/div>","protected":false},"excerpt":{"rendered":"<p>[vc_row el_class=&#8220;homekop&#8220;][vc_column][vc_column_text] Bewerbungen Tribar Spezial Tribar ist robust und kann daher auch als Boden- oder Rinnenrost eingesetzt werden. Je nach gew\u00fcnschter Belastbarkeit k\u00f6nnen wir Sie beraten, welche Konstruktion in Kombination mit einer Abst\u00fctzung am besten geeignet ist. Das Dreiecksprofil des&hellip;<\/p>\n","protected":false},"author":1,"featured_media":0,"parent":6852,"menu_order":0,"comment_status":"closed","ping_status":"closed","template":"","meta":{"footnotes":""},"class_list":["post-7049","page","type-page","status-publish","hentry","entry","no-media"],"yoast_head":"<!-- This site is optimized with the Yoast SEO plugin v27.6 - https:\/\/yoast.com\/product\/yoast-seo-wordpress\/ -->\n<title>Besonderheiten - Tribar<\/title>\n<meta name=\"robots\" content=\"index, follow, max-snippet:-1, max-image-preview:large, max-video-preview:-1\" \/>\n<link rel=\"canonical\" href=\"https:\/\/www.tribar.nl\/de\/anwendungen\/besonderheiten\/\" \/>\n<meta property=\"og:locale\" content=\"de_DE\" \/>\n<meta property=\"og:type\" content=\"article\" \/>\n<meta property=\"og:title\" content=\"Besonderheiten - Tribar\" \/>\n<meta property=\"og:description\" content=\"[vc_row el_class=&#8220;homekop&#8220;][vc_column][vc_column_text] Bewerbungen Tribar Spezial Tribar ist robust und kann daher auch als Boden- oder Rinnenrost eingesetzt werden. Je nach gew\u00fcnschter Belastbarkeit k\u00f6nnen wir Sie beraten, welche Konstruktion in Kombination mit einer Abst\u00fctzung am besten geeignet ist. Das Dreiecksprofil des&hellip;\" \/>\n<meta property=\"og:url\" content=\"https:\/\/www.tribar.nl\/de\/anwendungen\/besonderheiten\/\" \/>\n<meta property=\"og:site_name\" content=\"Tribar\" \/>\n<meta name=\"twitter:card\" content=\"summary_large_image\" \/>\n<meta name=\"twitter:label1\" content=\"Gesch\u00e4tzte Lesezeit\" \/>\n\t<meta name=\"twitter:data1\" content=\"1\u00a0Minute\" \/>\n<script type=\"application\/ld+json\" class=\"yoast-schema-graph\">{\"@context\":\"https:\\\/\\\/schema.org\",\"@graph\":[{\"@type\":\"WebPage\",\"@id\":\"https:\\\/\\\/www.tribar.nl\\\/de\\\/anwendungen\\\/besonderheiten\\\/\",\"url\":\"https:\\\/\\\/www.tribar.nl\\\/de\\\/anwendungen\\\/besonderheiten\\\/\",\"name\":\"Besonderheiten - Tribar\",\"isPartOf\":{\"@id\":\"https:\\\/\\\/www.tribar.nl\\\/de\\\/#website\"},\"datePublished\":\"2021-07-26T08:40:20+00:00\",\"breadcrumb\":{\"@id\":\"https:\\\/\\\/www.tribar.nl\\\/de\\\/anwendungen\\\/besonderheiten\\\/#breadcrumb\"},\"inLanguage\":\"de\",\"potentialAction\":[{\"@type\":\"ReadAction\",\"target\":[\"https:\\\/\\\/www.tribar.nl\\\/de\\\/anwendungen\\\/besonderheiten\\\/\"]}]},{\"@type\":\"BreadcrumbList\",\"@id\":\"https:\\\/\\\/www.tribar.nl\\\/de\\\/anwendungen\\\/besonderheiten\\\/#breadcrumb\",\"itemListElement\":[{\"@type\":\"ListItem\",\"position\":1,\"name\":\"Home\",\"item\":\"https:\\\/\\\/www.tribar.nl\\\/de\\\/\"},{\"@type\":\"ListItem\",\"position\":2,\"name\":\"Anwendungen\",\"item\":\"https:\\\/\\\/www.tribar.nl\\\/de\\\/anwendungen\\\/\"},{\"@type\":\"ListItem\",\"position\":3,\"name\":\"Besonderheiten\"}]},{\"@type\":\"WebSite\",\"@id\":\"https:\\\/\\\/www.tribar.nl\\\/de\\\/#website\",\"url\":\"https:\\\/\\\/www.tribar.nl\\\/de\\\/\",\"name\":\"Tribar\",\"description\":\"Tribar\",\"publisher\":{\"@id\":\"https:\\\/\\\/www.tribar.nl\\\/de\\\/#organization\"},\"potentialAction\":[{\"@type\":\"SearchAction\",\"target\":{\"@type\":\"EntryPoint\",\"urlTemplate\":\"https:\\\/\\\/www.tribar.nl\\\/de\\\/?s={search_term_string}\"},\"query-input\":{\"@type\":\"PropertyValueSpecification\",\"valueRequired\":true,\"valueName\":\"search_term_string\"}}],\"inLanguage\":\"de\"},{\"@type\":\"Organization\",\"@id\":\"https:\\\/\\\/www.tribar.nl\\\/de\\\/#organization\",\"name\":\"Tribar\",\"url\":\"https:\\\/\\\/www.tribar.nl\\\/de\\\/\",\"logo\":{\"@type\":\"ImageObject\",\"inLanguage\":\"de\",\"@id\":\"https:\\\/\\\/www.tribar.nl\\\/de\\\/#\\\/schema\\\/logo\\\/image\\\/\",\"url\":\"https:\\\/\\\/www.tribar.nl\\\/wp-content\\\/uploads\\\/logo-tribar-dia.png\",\"contentUrl\":\"https:\\\/\\\/www.tribar.nl\\\/wp-content\\\/uploads\\\/logo-tribar-dia.png\",\"width\":341,\"height\":104,\"caption\":\"Tribar\"},\"image\":{\"@id\":\"https:\\\/\\\/www.tribar.nl\\\/de\\\/#\\\/schema\\\/logo\\\/image\\\/\"}}]}<\/script>\n<!-- \/ Yoast SEO plugin. -->","yoast_head_json":{"title":"Besonderheiten - Tribar","robots":{"index":"index","follow":"follow","max-snippet":"max-snippet:-1","max-image-preview":"max-image-preview:large","max-video-preview":"max-video-preview:-1"},"canonical":"https:\/\/www.tribar.nl\/de\/anwendungen\/besonderheiten\/","og_locale":"de_DE","og_type":"article","og_title":"Besonderheiten - Tribar","og_description":"[vc_row el_class=&#8220;homekop&#8220;][vc_column][vc_column_text] Bewerbungen Tribar Spezial Tribar ist robust und kann daher auch als Boden- oder Rinnenrost eingesetzt werden. Je nach gew\u00fcnschter Belastbarkeit k\u00f6nnen wir Sie beraten, welche Konstruktion in Kombination mit einer Abst\u00fctzung am besten geeignet ist. Das Dreiecksprofil des&hellip;","og_url":"https:\/\/www.tribar.nl\/de\/anwendungen\/besonderheiten\/","og_site_name":"Tribar","twitter_card":"summary_large_image","twitter_misc":{"Gesch\u00e4tzte Lesezeit":"1\u00a0Minute"},"schema":{"@context":"https:\/\/schema.org","@graph":[{"@type":"WebPage","@id":"https:\/\/www.tribar.nl\/de\/anwendungen\/besonderheiten\/","url":"https:\/\/www.tribar.nl\/de\/anwendungen\/besonderheiten\/","name":"Besonderheiten - Tribar","isPartOf":{"@id":"https:\/\/www.tribar.nl\/de\/#website"},"datePublished":"2021-07-26T08:40:20+00:00","breadcrumb":{"@id":"https:\/\/www.tribar.nl\/de\/anwendungen\/besonderheiten\/#breadcrumb"},"inLanguage":"de","potentialAction":[{"@type":"ReadAction","target":["https:\/\/www.tribar.nl\/de\/anwendungen\/besonderheiten\/"]}]},{"@type":"BreadcrumbList","@id":"https:\/\/www.tribar.nl\/de\/anwendungen\/besonderheiten\/#breadcrumb","itemListElement":[{"@type":"ListItem","position":1,"name":"Home","item":"https:\/\/www.tribar.nl\/de\/"},{"@type":"ListItem","position":2,"name":"Anwendungen","item":"https:\/\/www.tribar.nl\/de\/anwendungen\/"},{"@type":"ListItem","position":3,"name":"Besonderheiten"}]},{"@type":"WebSite","@id":"https:\/\/www.tribar.nl\/de\/#website","url":"https:\/\/www.tribar.nl\/de\/","name":"Tribar","description":"Tribar","publisher":{"@id":"https:\/\/www.tribar.nl\/de\/#organization"},"potentialAction":[{"@type":"SearchAction","target":{"@type":"EntryPoint","urlTemplate":"https:\/\/www.tribar.nl\/de\/?s={search_term_string}"},"query-input":{"@type":"PropertyValueSpecification","valueRequired":true,"valueName":"search_term_string"}}],"inLanguage":"de"},{"@type":"Organization","@id":"https:\/\/www.tribar.nl\/de\/#organization","name":"Tribar","url":"https:\/\/www.tribar.nl\/de\/","logo":{"@type":"ImageObject","inLanguage":"de","@id":"https:\/\/www.tribar.nl\/de\/#\/schema\/logo\/image\/","url":"https:\/\/www.tribar.nl\/wp-content\/uploads\/logo-tribar-dia.png","contentUrl":"https:\/\/www.tribar.nl\/wp-content\/uploads\/logo-tribar-dia.png","width":341,"height":104,"caption":"Tribar"},"image":{"@id":"https:\/\/www.tribar.nl\/de\/#\/schema\/logo\/image\/"}}]}},"_links":{"self":[{"href":"https:\/\/www.tribar.nl\/de\/wp-json\/wp\/v2\/pages\/7049","targetHints":{"allow":["GET"]}}],"collection":[{"href":"https:\/\/www.tribar.nl\/de\/wp-json\/wp\/v2\/pages"}],"about":[{"href":"https:\/\/www.tribar.nl\/de\/wp-json\/wp\/v2\/types\/page"}],"author":[{"embeddable":true,"href":"https:\/\/www.tribar.nl\/de\/wp-json\/wp\/v2\/users\/1"}],"replies":[{"embeddable":true,"href":"https:\/\/www.tribar.nl\/de\/wp-json\/wp\/v2\/comments?post=7049"}],"version-history":[{"count":2,"href":"https:\/\/www.tribar.nl\/de\/wp-json\/wp\/v2\/pages\/7049\/revisions"}],"predecessor-version":[{"id":7051,"href":"https:\/\/www.tribar.nl\/de\/wp-json\/wp\/v2\/pages\/7049\/revisions\/7051"}],"up":[{"embeddable":true,"href":"https:\/\/www.tribar.nl\/de\/wp-json\/wp\/v2\/pages\/6852"}],"wp:attachment":[{"href":"https:\/\/www.tribar.nl\/de\/wp-json\/wp\/v2\/media?parent=7049"}],"curies":[{"name":"wp","href":"https:\/\/api.w.org\/{rel}","templated":true}]}}