{"id":6984,"date":"2021-07-26T08:18:40","date_gmt":"2021-07-26T08:18:40","guid":{"rendered":"https:\/\/www.tribar.nl\/?page_id=6984"},"modified":"2021-07-26T08:18:40","modified_gmt":"2021-07-26T08:18:40","slug":"treppenroste","status":"publish","type":"page","link":"https:\/\/www.tribar.nl\/de\/anwendungen\/treppenroste\/","title":{"rendered":"Treppenroste"},"content":{"rendered":"<div class=\"wpb-content-wrapper\">[vc_row el_class=&#8220;homekop&#8220;][vc_column][vc_column_text]\n<h6>Anwendungen<\/h6>\n<h2>Tribar verwendet in Treppenrosten<\/h2>\n<p>Tribar eignet sich hervorragend f\u00fcr den Einsatz in Treppen und Podesten. Es ist stark und bietet M\u00f6glichkeiten f\u00fcr subtile Transparenz. Es ist sogar m\u00f6glich, die Schritte durch eine zus\u00e4tzliche Profilierung starrer zu machen.[\/vc_column_text][\/vc_column][\/vc_row][vc_row][vc_column][vc_media_grid grid_id=&#8220;vc_gid:1627287493307-cb1ffa5b-3752-10&#8243; include=&#8220;6987,6986,6988,6989,6990,6991,675,1170,633&#8243;][\/vc_column][\/vc_row]\n<\/div>","protected":false},"excerpt":{"rendered":"<p>[vc_row el_class=&#8220;homekop&#8220;][vc_column][vc_column_text] Anwendungen Tribar verwendet in Treppenrosten Tribar eignet sich hervorragend f\u00fcr den Einsatz in Treppen und Podesten. Es ist stark und bietet M\u00f6glichkeiten f\u00fcr subtile Transparenz. Es ist sogar m\u00f6glich, die Schritte durch eine zus\u00e4tzliche Profilierung starrer zu machen.[\/vc_column_text][\/vc_column][\/vc_row][vc_row][vc_column][vc_media_grid&hellip;<\/p>\n","protected":false},"author":1,"featured_media":0,"parent":6852,"menu_order":0,"comment_status":"closed","ping_status":"closed","template":"","meta":{"footnotes":""},"class_list":["post-6984","page","type-page","status-publish","hentry","entry","no-media"],"yoast_head":"<!-- This site is optimized with the Yoast SEO plugin v27.6 - https:\/\/yoast.com\/product\/yoast-seo-wordpress\/ -->\n<title>Treppenroste - Tribar<\/title>\n<meta name=\"robots\" content=\"index, follow, max-snippet:-1, max-image-preview:large, max-video-preview:-1\" \/>\n<link rel=\"canonical\" href=\"https:\/\/www.tribar.nl\/de\/anwendungen\/treppenroste\/\" \/>\n<meta property=\"og:locale\" content=\"de_DE\" \/>\n<meta property=\"og:type\" content=\"article\" \/>\n<meta property=\"og:title\" content=\"Treppenroste - Tribar\" \/>\n<meta property=\"og:description\" content=\"[vc_row el_class=&#8220;homekop&#8220;][vc_column][vc_column_text] Anwendungen Tribar verwendet in Treppenrosten Tribar eignet sich hervorragend f\u00fcr den Einsatz in Treppen und Podesten. Es ist stark und bietet M\u00f6glichkeiten f\u00fcr subtile Transparenz. Es ist sogar m\u00f6glich, die Schritte durch eine zus\u00e4tzliche Profilierung starrer zu machen.[\/vc_column_text][\/vc_column][\/vc_row][vc_row][vc_column][vc_media_grid&hellip;\" \/>\n<meta property=\"og:url\" content=\"https:\/\/www.tribar.nl\/de\/anwendungen\/treppenroste\/\" \/>\n<meta property=\"og:site_name\" content=\"Tribar\" \/>\n<meta name=\"twitter:card\" content=\"summary_large_image\" \/>\n<script type=\"application\/ld+json\" class=\"yoast-schema-graph\">{\"@context\":\"https:\\\/\\\/schema.org\",\"@graph\":[{\"@type\":\"WebPage\",\"@id\":\"https:\\\/\\\/www.tribar.nl\\\/de\\\/anwendungen\\\/treppenroste\\\/\",\"url\":\"https:\\\/\\\/www.tribar.nl\\\/de\\\/anwendungen\\\/treppenroste\\\/\",\"name\":\"Treppenroste - Tribar\",\"isPartOf\":{\"@id\":\"https:\\\/\\\/www.tribar.nl\\\/de\\\/#website\"},\"datePublished\":\"2021-07-26T08:18:40+00:00\",\"breadcrumb\":{\"@id\":\"https:\\\/\\\/www.tribar.nl\\\/de\\\/anwendungen\\\/treppenroste\\\/#breadcrumb\"},\"inLanguage\":\"de\",\"potentialAction\":[{\"@type\":\"ReadAction\",\"target\":[\"https:\\\/\\\/www.tribar.nl\\\/de\\\/anwendungen\\\/treppenroste\\\/\"]}]},{\"@type\":\"BreadcrumbList\",\"@id\":\"https:\\\/\\\/www.tribar.nl\\\/de\\\/anwendungen\\\/treppenroste\\\/#breadcrumb\",\"itemListElement\":[{\"@type\":\"ListItem\",\"position\":1,\"name\":\"Home\",\"item\":\"https:\\\/\\\/www.tribar.nl\\\/de\\\/\"},{\"@type\":\"ListItem\",\"position\":2,\"name\":\"Anwendungen\",\"item\":\"https:\\\/\\\/www.tribar.nl\\\/de\\\/anwendungen\\\/\"},{\"@type\":\"ListItem\",\"position\":3,\"name\":\"Treppenroste\"}]},{\"@type\":\"WebSite\",\"@id\":\"https:\\\/\\\/www.tribar.nl\\\/de\\\/#website\",\"url\":\"https:\\\/\\\/www.tribar.nl\\\/de\\\/\",\"name\":\"Tribar\",\"description\":\"Tribar\",\"publisher\":{\"@id\":\"https:\\\/\\\/www.tribar.nl\\\/de\\\/#organization\"},\"potentialAction\":[{\"@type\":\"SearchAction\",\"target\":{\"@type\":\"EntryPoint\",\"urlTemplate\":\"https:\\\/\\\/www.tribar.nl\\\/de\\\/?s={search_term_string}\"},\"query-input\":{\"@type\":\"PropertyValueSpecification\",\"valueRequired\":true,\"valueName\":\"search_term_string\"}}],\"inLanguage\":\"de\"},{\"@type\":\"Organization\",\"@id\":\"https:\\\/\\\/www.tribar.nl\\\/de\\\/#organization\",\"name\":\"Tribar\",\"url\":\"https:\\\/\\\/www.tribar.nl\\\/de\\\/\",\"logo\":{\"@type\":\"ImageObject\",\"inLanguage\":\"de\",\"@id\":\"https:\\\/\\\/www.tribar.nl\\\/de\\\/#\\\/schema\\\/logo\\\/image\\\/\",\"url\":\"https:\\\/\\\/www.tribar.nl\\\/wp-content\\\/uploads\\\/logo-tribar-dia.png\",\"contentUrl\":\"https:\\\/\\\/www.tribar.nl\\\/wp-content\\\/uploads\\\/logo-tribar-dia.png\",\"width\":341,\"height\":104,\"caption\":\"Tribar\"},\"image\":{\"@id\":\"https:\\\/\\\/www.tribar.nl\\\/de\\\/#\\\/schema\\\/logo\\\/image\\\/\"}}]}<\/script>\n<!-- \/ Yoast SEO plugin. -->","yoast_head_json":{"title":"Treppenroste - Tribar","robots":{"index":"index","follow":"follow","max-snippet":"max-snippet:-1","max-image-preview":"max-image-preview:large","max-video-preview":"max-video-preview:-1"},"canonical":"https:\/\/www.tribar.nl\/de\/anwendungen\/treppenroste\/","og_locale":"de_DE","og_type":"article","og_title":"Treppenroste - Tribar","og_description":"[vc_row el_class=&#8220;homekop&#8220;][vc_column][vc_column_text] Anwendungen Tribar verwendet in Treppenrosten Tribar eignet sich hervorragend f\u00fcr den Einsatz in Treppen und Podesten. Es ist stark und bietet M\u00f6glichkeiten f\u00fcr subtile Transparenz. Es ist sogar m\u00f6glich, die Schritte durch eine zus\u00e4tzliche Profilierung starrer zu machen.[\/vc_column_text][\/vc_column][\/vc_row][vc_row][vc_column][vc_media_grid&hellip;","og_url":"https:\/\/www.tribar.nl\/de\/anwendungen\/treppenroste\/","og_site_name":"Tribar","twitter_card":"summary_large_image","schema":{"@context":"https:\/\/schema.org","@graph":[{"@type":"WebPage","@id":"https:\/\/www.tribar.nl\/de\/anwendungen\/treppenroste\/","url":"https:\/\/www.tribar.nl\/de\/anwendungen\/treppenroste\/","name":"Treppenroste - Tribar","isPartOf":{"@id":"https:\/\/www.tribar.nl\/de\/#website"},"datePublished":"2021-07-26T08:18:40+00:00","breadcrumb":{"@id":"https:\/\/www.tribar.nl\/de\/anwendungen\/treppenroste\/#breadcrumb"},"inLanguage":"de","potentialAction":[{"@type":"ReadAction","target":["https:\/\/www.tribar.nl\/de\/anwendungen\/treppenroste\/"]}]},{"@type":"BreadcrumbList","@id":"https:\/\/www.tribar.nl\/de\/anwendungen\/treppenroste\/#breadcrumb","itemListElement":[{"@type":"ListItem","position":1,"name":"Home","item":"https:\/\/www.tribar.nl\/de\/"},{"@type":"ListItem","position":2,"name":"Anwendungen","item":"https:\/\/www.tribar.nl\/de\/anwendungen\/"},{"@type":"ListItem","position":3,"name":"Treppenroste"}]},{"@type":"WebSite","@id":"https:\/\/www.tribar.nl\/de\/#website","url":"https:\/\/www.tribar.nl\/de\/","name":"Tribar","description":"Tribar","publisher":{"@id":"https:\/\/www.tribar.nl\/de\/#organization"},"potentialAction":[{"@type":"SearchAction","target":{"@type":"EntryPoint","urlTemplate":"https:\/\/www.tribar.nl\/de\/?s={search_term_string}"},"query-input":{"@type":"PropertyValueSpecification","valueRequired":true,"valueName":"search_term_string"}}],"inLanguage":"de"},{"@type":"Organization","@id":"https:\/\/www.tribar.nl\/de\/#organization","name":"Tribar","url":"https:\/\/www.tribar.nl\/de\/","logo":{"@type":"ImageObject","inLanguage":"de","@id":"https:\/\/www.tribar.nl\/de\/#\/schema\/logo\/image\/","url":"https:\/\/www.tribar.nl\/wp-content\/uploads\/logo-tribar-dia.png","contentUrl":"https:\/\/www.tribar.nl\/wp-content\/uploads\/logo-tribar-dia.png","width":341,"height":104,"caption":"Tribar"},"image":{"@id":"https:\/\/www.tribar.nl\/de\/#\/schema\/logo\/image\/"}}]}},"_links":{"self":[{"href":"https:\/\/www.tribar.nl\/de\/wp-json\/wp\/v2\/pages\/6984","targetHints":{"allow":["GET"]}}],"collection":[{"href":"https:\/\/www.tribar.nl\/de\/wp-json\/wp\/v2\/pages"}],"about":[{"href":"https:\/\/www.tribar.nl\/de\/wp-json\/wp\/v2\/types\/page"}],"author":[{"embeddable":true,"href":"https:\/\/www.tribar.nl\/de\/wp-json\/wp\/v2\/users\/1"}],"replies":[{"embeddable":true,"href":"https:\/\/www.tribar.nl\/de\/wp-json\/wp\/v2\/comments?post=6984"}],"version-history":[{"count":3,"href":"https:\/\/www.tribar.nl\/de\/wp-json\/wp\/v2\/pages\/6984\/revisions"}],"predecessor-version":[{"id":6993,"href":"https:\/\/www.tribar.nl\/de\/wp-json\/wp\/v2\/pages\/6984\/revisions\/6993"}],"up":[{"embeddable":true,"href":"https:\/\/www.tribar.nl\/de\/wp-json\/wp\/v2\/pages\/6852"}],"wp:attachment":[{"href":"https:\/\/www.tribar.nl\/de\/wp-json\/wp\/v2\/media?parent=6984"}],"curies":[{"name":"wp","href":"https:\/\/api.w.org\/{rel}","templated":true}]}}