{"id":6960,"date":"2021-07-26T08:15:29","date_gmt":"2021-07-26T08:15:29","guid":{"rendered":"https:\/\/www.tribar.nl\/?page_id=6960"},"modified":"2021-07-26T08:15:30","modified_gmt":"2021-07-26T08:15:30","slug":"zaeune-und-gelaender","status":"publish","type":"page","link":"https:\/\/www.tribar.nl\/de\/anwendungen\/zaeune-und-gelaender\/","title":{"rendered":"Z\u00e4une und Gel\u00e4nder"},"content":{"rendered":"<div class=\"wpb-content-wrapper\">[vc_row el_class=&#8220;homekop&#8220;][vc_column][vc_column_text]\n<h6>Anwendungen<\/h6>\n<h2>Tribar verwendet in Z\u00e4unen und Gel\u00e4ndern<\/h2>\n<p>Tribar hat durch die abgerundete Form der Dreikantst\u00e4be einen &#8222;weichen Griff&#8220; und eignet sich daher sehr gut f\u00fcr den Einsatz in Z\u00e4unen und Balustraden. Die freie Wahl des Balkenabstandes &#8211; der die Sichtbarkeit bestimmt &#8211; tr\u00e4gt ebenfalls zum Erscheinungsbild des Projektes bei. M\u00f6chten Sie ein Tor oder eine T\u00fcr in Ihrem Zaun? Kein Problem, das ist eine Sonderanfertigung von unseren Spezialisten.[\/vc_column_text][\/vc_column][\/vc_row][vc_row][vc_column][vc_media_grid grid_id=&#8220;vc_gid:1627287291334-ff36885a-e28f-0&#8243; include=&#8220;4749,4760,4757,6967,6964,4755,6962,6963,6970,397,6971,6969,4058,4050,4062,1175,1173,1170&#8243;][\/vc_column][\/vc_row]\n<\/div>","protected":false},"excerpt":{"rendered":"<p>[vc_row el_class=&#8220;homekop&#8220;][vc_column][vc_column_text] Anwendungen Tribar verwendet in Z\u00e4unen und Gel\u00e4ndern Tribar hat durch die abgerundete Form der Dreikantst\u00e4be einen &#8222;weichen Griff&#8220; und eignet sich daher sehr gut f\u00fcr den Einsatz in Z\u00e4unen und Balustraden. Die freie Wahl des Balkenabstandes &#8211; der&hellip;<\/p>\n","protected":false},"author":1,"featured_media":0,"parent":6852,"menu_order":0,"comment_status":"closed","ping_status":"closed","template":"","meta":{"footnotes":""},"class_list":["post-6960","page","type-page","status-publish","hentry","entry","no-media"],"yoast_head":"<!-- This site is optimized with the Yoast SEO plugin v27.6 - https:\/\/yoast.com\/product\/yoast-seo-wordpress\/ -->\n<title>Z\u00e4une und Gel\u00e4nder - Tribar<\/title>\n<meta name=\"robots\" content=\"index, follow, max-snippet:-1, max-image-preview:large, max-video-preview:-1\" \/>\n<link rel=\"canonical\" href=\"https:\/\/www.tribar.nl\/de\/anwendungen\/zaeune-und-gelaender\/\" \/>\n<meta property=\"og:locale\" content=\"de_DE\" \/>\n<meta property=\"og:type\" content=\"article\" \/>\n<meta property=\"og:title\" content=\"Z\u00e4une und Gel\u00e4nder - Tribar\" \/>\n<meta property=\"og:description\" content=\"[vc_row el_class=&#8220;homekop&#8220;][vc_column][vc_column_text] Anwendungen Tribar verwendet in Z\u00e4unen und Gel\u00e4ndern Tribar hat durch die abgerundete Form der Dreikantst\u00e4be einen &#8222;weichen Griff&#8220; und eignet sich daher sehr gut f\u00fcr den Einsatz in Z\u00e4unen und Balustraden. Die freie Wahl des Balkenabstandes &#8211; der&hellip;\" \/>\n<meta property=\"og:url\" content=\"https:\/\/www.tribar.nl\/de\/anwendungen\/zaeune-und-gelaender\/\" \/>\n<meta property=\"og:site_name\" content=\"Tribar\" \/>\n<meta property=\"article:modified_time\" content=\"2021-07-26T08:15:30+00:00\" \/>\n<meta name=\"twitter:card\" content=\"summary_large_image\" \/>\n<meta name=\"twitter:label1\" content=\"Gesch\u00e4tzte Lesezeit\" \/>\n\t<meta name=\"twitter:data1\" content=\"1\u00a0Minute\" \/>\n<script type=\"application\/ld+json\" class=\"yoast-schema-graph\">{\"@context\":\"https:\\\/\\\/schema.org\",\"@graph\":[{\"@type\":\"WebPage\",\"@id\":\"https:\\\/\\\/www.tribar.nl\\\/de\\\/anwendungen\\\/zaeune-und-gelaender\\\/\",\"url\":\"https:\\\/\\\/www.tribar.nl\\\/de\\\/anwendungen\\\/zaeune-und-gelaender\\\/\",\"name\":\"Z\u00e4une und Gel\u00e4nder - Tribar\",\"isPartOf\":{\"@id\":\"https:\\\/\\\/www.tribar.nl\\\/de\\\/#website\"},\"datePublished\":\"2021-07-26T08:15:29+00:00\",\"dateModified\":\"2021-07-26T08:15:30+00:00\",\"breadcrumb\":{\"@id\":\"https:\\\/\\\/www.tribar.nl\\\/de\\\/anwendungen\\\/zaeune-und-gelaender\\\/#breadcrumb\"},\"inLanguage\":\"de\",\"potentialAction\":[{\"@type\":\"ReadAction\",\"target\":[\"https:\\\/\\\/www.tribar.nl\\\/de\\\/anwendungen\\\/zaeune-und-gelaender\\\/\"]}]},{\"@type\":\"BreadcrumbList\",\"@id\":\"https:\\\/\\\/www.tribar.nl\\\/de\\\/anwendungen\\\/zaeune-und-gelaender\\\/#breadcrumb\",\"itemListElement\":[{\"@type\":\"ListItem\",\"position\":1,\"name\":\"Home\",\"item\":\"https:\\\/\\\/www.tribar.nl\\\/de\\\/\"},{\"@type\":\"ListItem\",\"position\":2,\"name\":\"Anwendungen\",\"item\":\"https:\\\/\\\/www.tribar.nl\\\/de\\\/anwendungen\\\/\"},{\"@type\":\"ListItem\",\"position\":3,\"name\":\"Z\u00e4une und Gel\u00e4nder\"}]},{\"@type\":\"WebSite\",\"@id\":\"https:\\\/\\\/www.tribar.nl\\\/de\\\/#website\",\"url\":\"https:\\\/\\\/www.tribar.nl\\\/de\\\/\",\"name\":\"Tribar\",\"description\":\"Tribar\",\"publisher\":{\"@id\":\"https:\\\/\\\/www.tribar.nl\\\/de\\\/#organization\"},\"potentialAction\":[{\"@type\":\"SearchAction\",\"target\":{\"@type\":\"EntryPoint\",\"urlTemplate\":\"https:\\\/\\\/www.tribar.nl\\\/de\\\/?s={search_term_string}\"},\"query-input\":{\"@type\":\"PropertyValueSpecification\",\"valueRequired\":true,\"valueName\":\"search_term_string\"}}],\"inLanguage\":\"de\"},{\"@type\":\"Organization\",\"@id\":\"https:\\\/\\\/www.tribar.nl\\\/de\\\/#organization\",\"name\":\"Tribar\",\"url\":\"https:\\\/\\\/www.tribar.nl\\\/de\\\/\",\"logo\":{\"@type\":\"ImageObject\",\"inLanguage\":\"de\",\"@id\":\"https:\\\/\\\/www.tribar.nl\\\/de\\\/#\\\/schema\\\/logo\\\/image\\\/\",\"url\":\"https:\\\/\\\/www.tribar.nl\\\/wp-content\\\/uploads\\\/logo-tribar-dia.png\",\"contentUrl\":\"https:\\\/\\\/www.tribar.nl\\\/wp-content\\\/uploads\\\/logo-tribar-dia.png\",\"width\":341,\"height\":104,\"caption\":\"Tribar\"},\"image\":{\"@id\":\"https:\\\/\\\/www.tribar.nl\\\/de\\\/#\\\/schema\\\/logo\\\/image\\\/\"}}]}<\/script>\n<!-- \/ Yoast SEO plugin. -->","yoast_head_json":{"title":"Z\u00e4une und Gel\u00e4nder - Tribar","robots":{"index":"index","follow":"follow","max-snippet":"max-snippet:-1","max-image-preview":"max-image-preview:large","max-video-preview":"max-video-preview:-1"},"canonical":"https:\/\/www.tribar.nl\/de\/anwendungen\/zaeune-und-gelaender\/","og_locale":"de_DE","og_type":"article","og_title":"Z\u00e4une und Gel\u00e4nder - Tribar","og_description":"[vc_row el_class=&#8220;homekop&#8220;][vc_column][vc_column_text] Anwendungen Tribar verwendet in Z\u00e4unen und Gel\u00e4ndern Tribar hat durch die abgerundete Form der Dreikantst\u00e4be einen &#8222;weichen Griff&#8220; und eignet sich daher sehr gut f\u00fcr den Einsatz in Z\u00e4unen und Balustraden. Die freie Wahl des Balkenabstandes &#8211; der&hellip;","og_url":"https:\/\/www.tribar.nl\/de\/anwendungen\/zaeune-und-gelaender\/","og_site_name":"Tribar","article_modified_time":"2021-07-26T08:15:30+00:00","twitter_card":"summary_large_image","twitter_misc":{"Gesch\u00e4tzte Lesezeit":"1\u00a0Minute"},"schema":{"@context":"https:\/\/schema.org","@graph":[{"@type":"WebPage","@id":"https:\/\/www.tribar.nl\/de\/anwendungen\/zaeune-und-gelaender\/","url":"https:\/\/www.tribar.nl\/de\/anwendungen\/zaeune-und-gelaender\/","name":"Z\u00e4une und Gel\u00e4nder - Tribar","isPartOf":{"@id":"https:\/\/www.tribar.nl\/de\/#website"},"datePublished":"2021-07-26T08:15:29+00:00","dateModified":"2021-07-26T08:15:30+00:00","breadcrumb":{"@id":"https:\/\/www.tribar.nl\/de\/anwendungen\/zaeune-und-gelaender\/#breadcrumb"},"inLanguage":"de","potentialAction":[{"@type":"ReadAction","target":["https:\/\/www.tribar.nl\/de\/anwendungen\/zaeune-und-gelaender\/"]}]},{"@type":"BreadcrumbList","@id":"https:\/\/www.tribar.nl\/de\/anwendungen\/zaeune-und-gelaender\/#breadcrumb","itemListElement":[{"@type":"ListItem","position":1,"name":"Home","item":"https:\/\/www.tribar.nl\/de\/"},{"@type":"ListItem","position":2,"name":"Anwendungen","item":"https:\/\/www.tribar.nl\/de\/anwendungen\/"},{"@type":"ListItem","position":3,"name":"Z\u00e4une und Gel\u00e4nder"}]},{"@type":"WebSite","@id":"https:\/\/www.tribar.nl\/de\/#website","url":"https:\/\/www.tribar.nl\/de\/","name":"Tribar","description":"Tribar","publisher":{"@id":"https:\/\/www.tribar.nl\/de\/#organization"},"potentialAction":[{"@type":"SearchAction","target":{"@type":"EntryPoint","urlTemplate":"https:\/\/www.tribar.nl\/de\/?s={search_term_string}"},"query-input":{"@type":"PropertyValueSpecification","valueRequired":true,"valueName":"search_term_string"}}],"inLanguage":"de"},{"@type":"Organization","@id":"https:\/\/www.tribar.nl\/de\/#organization","name":"Tribar","url":"https:\/\/www.tribar.nl\/de\/","logo":{"@type":"ImageObject","inLanguage":"de","@id":"https:\/\/www.tribar.nl\/de\/#\/schema\/logo\/image\/","url":"https:\/\/www.tribar.nl\/wp-content\/uploads\/logo-tribar-dia.png","contentUrl":"https:\/\/www.tribar.nl\/wp-content\/uploads\/logo-tribar-dia.png","width":341,"height":104,"caption":"Tribar"},"image":{"@id":"https:\/\/www.tribar.nl\/de\/#\/schema\/logo\/image\/"}}]}},"_links":{"self":[{"href":"https:\/\/www.tribar.nl\/de\/wp-json\/wp\/v2\/pages\/6960","targetHints":{"allow":["GET"]}}],"collection":[{"href":"https:\/\/www.tribar.nl\/de\/wp-json\/wp\/v2\/pages"}],"about":[{"href":"https:\/\/www.tribar.nl\/de\/wp-json\/wp\/v2\/types\/page"}],"author":[{"embeddable":true,"href":"https:\/\/www.tribar.nl\/de\/wp-json\/wp\/v2\/users\/1"}],"replies":[{"embeddable":true,"href":"https:\/\/www.tribar.nl\/de\/wp-json\/wp\/v2\/comments?post=6960"}],"version-history":[{"count":3,"href":"https:\/\/www.tribar.nl\/de\/wp-json\/wp\/v2\/pages\/6960\/revisions"}],"predecessor-version":[{"id":6973,"href":"https:\/\/www.tribar.nl\/de\/wp-json\/wp\/v2\/pages\/6960\/revisions\/6973"}],"up":[{"embeddable":true,"href":"https:\/\/www.tribar.nl\/de\/wp-json\/wp\/v2\/pages\/6852"}],"wp:attachment":[{"href":"https:\/\/www.tribar.nl\/de\/wp-json\/wp\/v2\/media?parent=6960"}],"curies":[{"name":"wp","href":"https:\/\/api.w.org\/{rel}","templated":true}]}}