{"id":6852,"date":"2021-07-23T08:07:11","date_gmt":"2021-07-23T08:07:11","guid":{"rendered":"https:\/\/www.tribar.nl\/?page_id=6852"},"modified":"2021-07-23T08:07:11","modified_gmt":"2021-07-23T08:07:11","slug":"anwendungen","status":"publish","type":"page","link":"https:\/\/www.tribar.nl\/de\/anwendungen\/","title":{"rendered":"Anwendungen"},"content":{"rendered":"<div class=\"wpb-content-wrapper\">[vc_row el_class=&#8220;intro&#8220;][vc_column][vc_column_text el_class=&#8220;homekop&#8220;]\n<h2 class=\"elementor-heading-title elementor-size-default\">Anwendungen<\/h2>\n<p>Tribar-Produkte eignen sich hervorragend f\u00fcr Fassadenverkleidungen, Laufstege oder Trennw\u00e4nde, k\u00f6nnen aber auch als freistehendes Volumenobjekt eingesetzt werden und eine Funktion beim Lichteinlass oder -ausschluss oder beim transparenten Verschlie\u00dfen von Durchblicken erf\u00fcllen. Tribar kann auch als optisches Element in einem architektonischen Raum fungieren. Die Gitterrostplatten sind vollverzinkt und in einer RAL-Farbe Ihrer Wahl beschichtet. Dar\u00fcber hinaus ist eine glatte oder raue Ausf\u00fchrung m\u00f6glich, die jeweils ihr eigenes charakteristisches Aussehen hat.[\/vc_column_text][\/vc_column][\/vc_row][vc_row el_class=&#8220;homekop&#8220;][vc_column width=&#8220;2\/3&#8243; css=&#8220;.vc_custom_1552392832918{margin-top: 50px !important;}&#8220;][vc_column_text]\n<h6>Tribar<\/h6>\n<h2>Aus einer st\u00e4dtischen Perspektive<\/h2>\n<p>Tribar ist ideal f\u00fcr Parks, (Innen-)G\u00e4rten und Dachterrassen geeignet. In der Landschaftsgestaltung bieten die Produkte ein zeitgem\u00e4\u00dfes Raumerlebnis. Die Gitterpaneele k\u00f6nnen als Stege \u00fcber Wasserspielen, Fu\u00dfwegen, Terrassen und Trennw\u00e4nden eingesetzt werden. Die Tribar-Produkte sind nicht nur ein dekoratives Element in der Natur, sondern auch funktionell. Zum Beispiel sorgt die Verwendung von Dreikantstahl in Lauffl\u00e4chen f\u00fcr maximale Schmutzdurchl\u00e4ssigkeit.[\/vc_column_text][\/vc_column][vc_column width=&#8220;1\/3&#8243; css=&#8220;.vc_custom_1552391937307{margin-top: 50px !important;}&#8220;][vc_column_text]<img loading=\"lazy\" decoding=\"async\" class=\"alignnone wp-image-6857 size-large\" src=\"https:\/\/www.tribar.nl\/wp-content\/uploads\/\/20131215-S-beelden-031-ZADKINE-medium-1024x497.jpg\" alt=\"\" width=\"980\" height=\"476\" srcset=\"https:\/\/www.tribar.nl\/wp-content\/uploads\/20131215-S-beelden-031-ZADKINE-medium-1024x497.jpg 1024w, https:\/\/www.tribar.nl\/wp-content\/uploads\/20131215-S-beelden-031-ZADKINE-medium-300x146.jpg 300w, https:\/\/www.tribar.nl\/wp-content\/uploads\/20131215-S-beelden-031-ZADKINE-medium-768x373.jpg 768w\" sizes=\"auto, (max-width: 980px) 100vw, 980px\" \/>[\/vc_column_text][\/vc_column][\/vc_row][vc_row full_width=&#8220;stretch_row_content&#8220; parallax=&#8220;content-moving&#8220; parallax_image=&#8220;753&#8243; parallax_speed_bg=&#8220;2&#8243; wpex_bg_overlay=&#8220;dark&#8220; el_class=&#8220;pararow&#8220; wpex_bg_overlay_color=&#8220;#0a0a0a&#8220; css=&#8220;.vc_custom_1555070147404{background-color: #0a0a0a !important;}&#8220;][vc_column width=&#8220;1\/6&#8243;][\/vc_column][vc_column width=&#8220;2\/3&#8243;][vc_column_text]\n<h2 style=\"text-align: center;\">Verzinkt oder vollfarbig<\/h2>\n<p style=\"text-align: center; color: #fff;\">Die Tribar-Basisprodukte sind standardm\u00e4\u00dfig verzinkt. Diese Veredelungsmethode hat ihre eigene erkennbare Farbe und ihren eigenen Charakter. Auf Wunsch kann Tribar in jeder RAL-Farbe pulverbeschichtet werden.<\/p>\n[\/vc_column_text][\/vc_column][vc_column width=&#8220;1\/6&#8243;][\/vc_column][\/vc_row][vc_row css=&#8220;.vc_custom_1552641620274{margin-top: 50px !important;}&#8220; el_class=&#8220;homekop&#8220;][vc_column width=&#8220;1\/2&#8243;][vc_column_text]<img loading=\"lazy\" decoding=\"async\" class=\"alignnone wp-image-656 size-large\" src=\"https:\/\/www.tribar.nl\/wp-content\/uploads\/tribar-dynamo-eindhoven-01-1-1024x679.jpg\" alt=\"\" width=\"980\" height=\"650\" srcset=\"https:\/\/www.tribar.nl\/wp-content\/uploads\/tribar-dynamo-eindhoven-01-1.jpg 1024w, https:\/\/www.tribar.nl\/wp-content\/uploads\/tribar-dynamo-eindhoven-01-1-300x199.jpg 300w, https:\/\/www.tribar.nl\/wp-content\/uploads\/tribar-dynamo-eindhoven-01-1-768x509.jpg 768w\" sizes=\"auto, (max-width: 980px) 100vw, 980px\" \/>[\/vc_column_text][\/vc_column][vc_column width=&#8220;1\/2&#8243;][vc_column_text]\n<h6>Tribar<\/h6>\n<h2>Aus einer technologischen Perspektive<\/h2>\n<p>Die rechteckige Form der Gitterfelder kann leicht angepasst werden. Diese Standardanpassung macht es m\u00f6glich, die Paneele diagonal anzubringen oder den Paneelen eine einzigartige Au\u00dfenform zu geben. Daher k\u00f6nnen Tribar-Produkte in fast jedem Raum eingesetzt werden. Tribar-Produkte werden nach den spezifischen W\u00fcnschen des Endverbrauchers gefertigt.[\/vc_column_text][\/vc_column][\/vc_row][vc_row css=&#8220;.vc_custom_1552641620274{margin-top: 50px !important;}&#8220; el_class=&#8220;homekop&#8220;][vc_column width=&#8220;1\/2&#8243;][vc_column_text]<img loading=\"lazy\" decoding=\"async\" class=\"alignnone wp-image-1175 size-large\" src=\"https:\/\/www.tribar.nl\/wp-content\/uploads\/Fencing-Biesbosch-Museum-IMG_1362-1024x683.jpg\" alt=\"\" width=\"980\" height=\"654\" srcset=\"https:\/\/www.tribar.nl\/wp-content\/uploads\/Fencing-Biesbosch-Museum-IMG_1362-1024x683.jpg 1024w, https:\/\/www.tribar.nl\/wp-content\/uploads\/Fencing-Biesbosch-Museum-IMG_1362-300x200.jpg 300w, https:\/\/www.tribar.nl\/wp-content\/uploads\/Fencing-Biesbosch-Museum-IMG_1362-768x512.jpg 768w\" sizes=\"auto, (max-width: 980px) 100vw, 980px\" \/>[\/vc_column_text][\/vc_column][vc_column width=&#8220;1\/2&#8243;][vc_column_text]\n<h6>Tribar<\/h6>\n<h2>Aus der Perspektive der Landschaft<\/h2>\n<p>TRIBAR hat auch viele Anwendungsm\u00f6glichkeiten in der Landschaftsarchitektur. Die Gitterpaneele k\u00f6nnen u.a. als Stege \u00fcber Wasserspielen, Fu\u00dfwegen, Terrassen und Z\u00e4unen eingesetzt werden. Die TRIBAR-Produkte sind nicht nur ein dekoratives Element in der Natur, sondern auch funktionell. So sorgt zum Beispiel die Verwendung von Dreikantstahl f\u00fcr Lauffl\u00e4chen f\u00fcr maximale Schmutzdurchl\u00e4ssigkeit.[\/vc_column_text][\/vc_column][\/vc_row]\n<\/div>","protected":false},"excerpt":{"rendered":"<p>[vc_row el_class=&#8220;intro&#8220;][vc_column][vc_column_text el_class=&#8220;homekop&#8220;] Anwendungen Tribar-Produkte eignen sich hervorragend f\u00fcr Fassadenverkleidungen, Laufstege oder Trennw\u00e4nde, k\u00f6nnen aber auch als freistehendes Volumenobjekt eingesetzt werden und eine Funktion beim Lichteinlass oder -ausschluss oder beim transparenten Verschlie\u00dfen von Durchblicken erf\u00fcllen. Tribar kann auch als optisches&hellip;<\/p>\n","protected":false},"author":1,"featured_media":6854,"parent":0,"menu_order":0,"comment_status":"closed","ping_status":"closed","template":"","meta":{"footnotes":""},"class_list":["post-6852","page","type-page","status-publish","has-post-thumbnail","hentry","entry","has-media"],"yoast_head":"<!-- This site is optimized with the Yoast SEO plugin v27.4 - https:\/\/yoast.com\/product\/yoast-seo-wordpress\/ -->\n<title>Anwendungen - Tribar<\/title>\n<meta name=\"robots\" content=\"index, follow, max-snippet:-1, max-image-preview:large, max-video-preview:-1\" \/>\n<link rel=\"canonical\" href=\"https:\/\/www.tribar.nl\/de\/anwendungen\/\" \/>\n<meta property=\"og:locale\" content=\"de_DE\" \/>\n<meta property=\"og:type\" content=\"article\" \/>\n<meta property=\"og:title\" content=\"Anwendungen - Tribar\" \/>\n<meta property=\"og:description\" content=\"[vc_row el_class=&#8220;intro&#8220;][vc_column][vc_column_text el_class=&#8220;homekop&#8220;] Anwendungen Tribar-Produkte eignen sich hervorragend f\u00fcr Fassadenverkleidungen, Laufstege oder Trennw\u00e4nde, k\u00f6nnen aber auch als freistehendes Volumenobjekt eingesetzt werden und eine Funktion beim Lichteinlass oder -ausschluss oder beim transparenten Verschlie\u00dfen von Durchblicken erf\u00fcllen. Tribar kann auch als optisches&hellip;\" \/>\n<meta property=\"og:url\" content=\"https:\/\/www.tribar.nl\/de\/anwendungen\/\" \/>\n<meta property=\"og:site_name\" content=\"Tribar\" \/>\n<meta property=\"og:image\" content=\"https:\/\/www.tribar.nl\/wp-content\/uploads\/header-laag-tribar_05.jpg\" \/>\n\t<meta property=\"og:image:width\" content=\"1366\" \/>\n\t<meta property=\"og:image:height\" content=\"311\" \/>\n\t<meta property=\"og:image:type\" content=\"image\/jpeg\" \/>\n<meta name=\"twitter:card\" content=\"summary_large_image\" \/>\n<meta name=\"twitter:label1\" content=\"Gesch\u00e4tzte Lesezeit\" \/>\n\t<meta name=\"twitter:data1\" content=\"2\u00a0Minuten\" \/>\n<script type=\"application\/ld+json\" class=\"yoast-schema-graph\">{\"@context\":\"https:\\\/\\\/schema.org\",\"@graph\":[{\"@type\":\"WebPage\",\"@id\":\"https:\\\/\\\/www.tribar.nl\\\/de\\\/anwendungen\\\/\",\"url\":\"https:\\\/\\\/www.tribar.nl\\\/de\\\/anwendungen\\\/\",\"name\":\"Anwendungen - Tribar\",\"isPartOf\":{\"@id\":\"https:\\\/\\\/www.tribar.nl\\\/de\\\/#website\"},\"primaryImageOfPage\":{\"@id\":\"https:\\\/\\\/www.tribar.nl\\\/de\\\/anwendungen\\\/#primaryimage\"},\"image\":{\"@id\":\"https:\\\/\\\/www.tribar.nl\\\/de\\\/anwendungen\\\/#primaryimage\"},\"thumbnailUrl\":\"https:\\\/\\\/www.tribar.nl\\\/wp-content\\\/uploads\\\/header-laag-tribar_05.jpg\",\"datePublished\":\"2021-07-23T08:07:11+00:00\",\"breadcrumb\":{\"@id\":\"https:\\\/\\\/www.tribar.nl\\\/de\\\/anwendungen\\\/#breadcrumb\"},\"inLanguage\":\"de\",\"potentialAction\":[{\"@type\":\"ReadAction\",\"target\":[\"https:\\\/\\\/www.tribar.nl\\\/de\\\/anwendungen\\\/\"]}]},{\"@type\":\"ImageObject\",\"inLanguage\":\"de\",\"@id\":\"https:\\\/\\\/www.tribar.nl\\\/de\\\/anwendungen\\\/#primaryimage\",\"url\":\"https:\\\/\\\/www.tribar.nl\\\/wp-content\\\/uploads\\\/header-laag-tribar_05.jpg\",\"contentUrl\":\"https:\\\/\\\/www.tribar.nl\\\/wp-content\\\/uploads\\\/header-laag-tribar_05.jpg\",\"width\":1366,\"height\":311},{\"@type\":\"BreadcrumbList\",\"@id\":\"https:\\\/\\\/www.tribar.nl\\\/de\\\/anwendungen\\\/#breadcrumb\",\"itemListElement\":[{\"@type\":\"ListItem\",\"position\":1,\"name\":\"Home\",\"item\":\"https:\\\/\\\/www.tribar.nl\\\/de\\\/\"},{\"@type\":\"ListItem\",\"position\":2,\"name\":\"Anwendungen\"}]},{\"@type\":\"WebSite\",\"@id\":\"https:\\\/\\\/www.tribar.nl\\\/de\\\/#website\",\"url\":\"https:\\\/\\\/www.tribar.nl\\\/de\\\/\",\"name\":\"Tribar\",\"description\":\"Tribar\",\"publisher\":{\"@id\":\"https:\\\/\\\/www.tribar.nl\\\/de\\\/#organization\"},\"potentialAction\":[{\"@type\":\"SearchAction\",\"target\":{\"@type\":\"EntryPoint\",\"urlTemplate\":\"https:\\\/\\\/www.tribar.nl\\\/de\\\/?s={search_term_string}\"},\"query-input\":{\"@type\":\"PropertyValueSpecification\",\"valueRequired\":true,\"valueName\":\"search_term_string\"}}],\"inLanguage\":\"de\"},{\"@type\":\"Organization\",\"@id\":\"https:\\\/\\\/www.tribar.nl\\\/de\\\/#organization\",\"name\":\"Tribar\",\"url\":\"https:\\\/\\\/www.tribar.nl\\\/de\\\/\",\"logo\":{\"@type\":\"ImageObject\",\"inLanguage\":\"de\",\"@id\":\"https:\\\/\\\/www.tribar.nl\\\/de\\\/#\\\/schema\\\/logo\\\/image\\\/\",\"url\":\"https:\\\/\\\/www.tribar.nl\\\/wp-content\\\/uploads\\\/logo-tribar-dia.png\",\"contentUrl\":\"https:\\\/\\\/www.tribar.nl\\\/wp-content\\\/uploads\\\/logo-tribar-dia.png\",\"width\":341,\"height\":104,\"caption\":\"Tribar\"},\"image\":{\"@id\":\"https:\\\/\\\/www.tribar.nl\\\/de\\\/#\\\/schema\\\/logo\\\/image\\\/\"}}]}<\/script>\n<!-- \/ Yoast SEO plugin. -->","yoast_head_json":{"title":"Anwendungen - Tribar","robots":{"index":"index","follow":"follow","max-snippet":"max-snippet:-1","max-image-preview":"max-image-preview:large","max-video-preview":"max-video-preview:-1"},"canonical":"https:\/\/www.tribar.nl\/de\/anwendungen\/","og_locale":"de_DE","og_type":"article","og_title":"Anwendungen - Tribar","og_description":"[vc_row el_class=&#8220;intro&#8220;][vc_column][vc_column_text el_class=&#8220;homekop&#8220;] Anwendungen Tribar-Produkte eignen sich hervorragend f\u00fcr Fassadenverkleidungen, Laufstege oder Trennw\u00e4nde, k\u00f6nnen aber auch als freistehendes Volumenobjekt eingesetzt werden und eine Funktion beim Lichteinlass oder -ausschluss oder beim transparenten Verschlie\u00dfen von Durchblicken erf\u00fcllen. Tribar kann auch als optisches&hellip;","og_url":"https:\/\/www.tribar.nl\/de\/anwendungen\/","og_site_name":"Tribar","og_image":[{"width":1366,"height":311,"url":"https:\/\/www.tribar.nl\/wp-content\/uploads\/header-laag-tribar_05.jpg","type":"image\/jpeg"}],"twitter_card":"summary_large_image","twitter_misc":{"Gesch\u00e4tzte Lesezeit":"2\u00a0Minuten"},"schema":{"@context":"https:\/\/schema.org","@graph":[{"@type":"WebPage","@id":"https:\/\/www.tribar.nl\/de\/anwendungen\/","url":"https:\/\/www.tribar.nl\/de\/anwendungen\/","name":"Anwendungen - Tribar","isPartOf":{"@id":"https:\/\/www.tribar.nl\/de\/#website"},"primaryImageOfPage":{"@id":"https:\/\/www.tribar.nl\/de\/anwendungen\/#primaryimage"},"image":{"@id":"https:\/\/www.tribar.nl\/de\/anwendungen\/#primaryimage"},"thumbnailUrl":"https:\/\/www.tribar.nl\/wp-content\/uploads\/header-laag-tribar_05.jpg","datePublished":"2021-07-23T08:07:11+00:00","breadcrumb":{"@id":"https:\/\/www.tribar.nl\/de\/anwendungen\/#breadcrumb"},"inLanguage":"de","potentialAction":[{"@type":"ReadAction","target":["https:\/\/www.tribar.nl\/de\/anwendungen\/"]}]},{"@type":"ImageObject","inLanguage":"de","@id":"https:\/\/www.tribar.nl\/de\/anwendungen\/#primaryimage","url":"https:\/\/www.tribar.nl\/wp-content\/uploads\/header-laag-tribar_05.jpg","contentUrl":"https:\/\/www.tribar.nl\/wp-content\/uploads\/header-laag-tribar_05.jpg","width":1366,"height":311},{"@type":"BreadcrumbList","@id":"https:\/\/www.tribar.nl\/de\/anwendungen\/#breadcrumb","itemListElement":[{"@type":"ListItem","position":1,"name":"Home","item":"https:\/\/www.tribar.nl\/de\/"},{"@type":"ListItem","position":2,"name":"Anwendungen"}]},{"@type":"WebSite","@id":"https:\/\/www.tribar.nl\/de\/#website","url":"https:\/\/www.tribar.nl\/de\/","name":"Tribar","description":"Tribar","publisher":{"@id":"https:\/\/www.tribar.nl\/de\/#organization"},"potentialAction":[{"@type":"SearchAction","target":{"@type":"EntryPoint","urlTemplate":"https:\/\/www.tribar.nl\/de\/?s={search_term_string}"},"query-input":{"@type":"PropertyValueSpecification","valueRequired":true,"valueName":"search_term_string"}}],"inLanguage":"de"},{"@type":"Organization","@id":"https:\/\/www.tribar.nl\/de\/#organization","name":"Tribar","url":"https:\/\/www.tribar.nl\/de\/","logo":{"@type":"ImageObject","inLanguage":"de","@id":"https:\/\/www.tribar.nl\/de\/#\/schema\/logo\/image\/","url":"https:\/\/www.tribar.nl\/wp-content\/uploads\/logo-tribar-dia.png","contentUrl":"https:\/\/www.tribar.nl\/wp-content\/uploads\/logo-tribar-dia.png","width":341,"height":104,"caption":"Tribar"},"image":{"@id":"https:\/\/www.tribar.nl\/de\/#\/schema\/logo\/image\/"}}]}},"_links":{"self":[{"href":"https:\/\/www.tribar.nl\/de\/wp-json\/wp\/v2\/pages\/6852","targetHints":{"allow":["GET"]}}],"collection":[{"href":"https:\/\/www.tribar.nl\/de\/wp-json\/wp\/v2\/pages"}],"about":[{"href":"https:\/\/www.tribar.nl\/de\/wp-json\/wp\/v2\/types\/page"}],"author":[{"embeddable":true,"href":"https:\/\/www.tribar.nl\/de\/wp-json\/wp\/v2\/users\/1"}],"replies":[{"embeddable":true,"href":"https:\/\/www.tribar.nl\/de\/wp-json\/wp\/v2\/comments?post=6852"}],"version-history":[{"count":2,"href":"https:\/\/www.tribar.nl\/de\/wp-json\/wp\/v2\/pages\/6852\/revisions"}],"predecessor-version":[{"id":6858,"href":"https:\/\/www.tribar.nl\/de\/wp-json\/wp\/v2\/pages\/6852\/revisions\/6858"}],"wp:featuredmedia":[{"embeddable":true,"href":"https:\/\/www.tribar.nl\/de\/wp-json\/wp\/v2\/media\/6854"}],"wp:attachment":[{"href":"https:\/\/www.tribar.nl\/de\/wp-json\/wp\/v2\/media?parent=6852"}],"curies":[{"name":"wp","href":"https:\/\/api.w.org\/{rel}","templated":true}]}}