{"id":6749,"date":"2021-07-23T07:06:10","date_gmt":"2021-07-23T07:06:10","guid":{"rendered":"https:\/\/www.tribar.nl\/?page_id=6749"},"modified":"2021-07-23T07:06:10","modified_gmt":"2021-07-23T07:06:10","slug":"unternehmen-nooyen-group","status":"publish","type":"page","link":"https:\/\/www.tribar.nl\/de\/unternehmen-nooyen-group\/","title":{"rendered":"Unternehmen Nooyen Group"},"content":{"rendered":"<div class=\"wpb-content-wrapper\">[vc_row el_class=&#8220;homekop&#8220;][vc_column][vc_column_text]\n<h6>Nooyen Group<\/h6>\n<h2>F\u00fchrender internationaler Akteur<\/h2>\n[\/vc_column_text][vc_column_text]Tribar, Teil der Nooyen-Gruppe, ist ein Unternehmen, das sich auf die Herstellung von hochwertigen Industriekonstruktionen und architektonischen Anwendungen von Stahlprodukten spezialisiert hat. Tribar ist ein vielseitiges Produkt mit einem industriellen und robusten Erscheinungsbild, hergestellt aus Dreikantstahl. Es hat einen stilvollen, utilitaristischen Charakter, ist langlebig und hat besondere Anwendungsm\u00f6glichkeiten.[\/vc_column_text][\/vc_column][\/vc_row][vc_row el_class=&#8220;homekop&#8220;][vc_column][vc_column_text][\/vc_column_text][vc_column_text]\n<h2>Nooyen-Gruppe<\/h2>\n<p>Nooyen wurde 1978 als Produktionsunternehmen f\u00fcr die Herstellung von hochwertigen Bodensystemen im landwirtschaftlichen Bereich gegr\u00fcndet. Seitdem hat sich die Nooyen-Gruppe zu einem f\u00fchrenden internationalen Unternehmen mit Tochtergesellschaften in verschiedenen Branchen entwickelt und ist in mehr als 60 L\u00e4ndern mit einem weltweiten Vertriebsnetz aktiv. Mit intelligenten Innovationen bieten wir unseren Kunden auf der ganzen Welt die besten L\u00f6sungen f\u00fcr die Herausforderungen, denen sie sich jeden Tag stellen m\u00fcssen. Mit hochwertigen Produkten bietet unsere Gruppe maximale Ergebnisse f\u00fcr unsere Kunden und H\u00e4ndler.<\/p>\n<p>Qualit\u00e4t und pers\u00f6nliches Engagement zeichnen die St\u00e4rke der Nooyen-Gruppe aus:[\/vc_column_text][\/vc_column][\/vc_row][vc_row][vc_column width=&#8220;1\/2&#8243;][vc_column_text]\n<h2>INDUSTRIAL &amp; ARCHITECTURAL<\/h2>\n[\/vc_column_text][\/vc_column][\/vc_row][vc_row][vc_column width=&#8220;1\/3&#8243;][vc_column_text]\n<p style=\"text-align: center;\"><strong>INDUSTRIAL STRUCTURES<\/strong><\/p>\n[\/vc_column_text]<div class=\"vcex-image vcex-module vcex-clr\"><span class=\"vcex-image-inner\"><img loading=\"lazy\" decoding=\"async\" src=\"https:\/\/www.tribar.nl\/wp-content\/uploads\/Schiphol-P3-7O8A2282-recht-1-500x300.jpg\" data-no-retina width=\"500\" height=\"300\" \/><\/span><\/div><div class=\"vcex-image vcex-module vcex-clr textcenter\"><span class=\"vcex-image-inner vc_custom_1589526647603\"><img loading=\"lazy\" decoding=\"async\" src=\"https:\/\/www.tribar.nl\/wp-content\/uploads\/logo-tribar-24.png\" data-no-retina width=\"360\" height=\"120\" \/><\/span><\/div>[\/vc_column][vc_column width=&#8220;1\/3&#8243;][vc_column_text]\n<p style=\"text-align: center;\"><strong>FENCING EN KENNELS<\/strong><\/p>\n[\/vc_column_text]<div class=\"vcex-image vcex-module vcex-clr\"><span class=\"vcex-image-inner\"><img loading=\"lazy\" decoding=\"async\" src=\"https:\/\/www.tribar.nl\/wp-content\/uploads\/Antwerpen-scaled-500x300.jpg\" data-no-retina width=\"500\" height=\"300\" \/><\/span><\/div><div class=\"vcex-image vcex-module vcex-clr textcenter\"><span class=\"vcex-image-inner vc_custom_1589457965677\"><img loading=\"lazy\" decoding=\"async\" src=\"https:\/\/www.tribar.nl\/wp-content\/uploads\/logo-fencing-kennels-200x116.jpg\" alt=\"Logo Fencing Kennels\" data-no-retina width=\"200\" height=\"116\" \/><\/span><\/div>[\/vc_column][vc_column width=&#8220;1\/3&#8243;][vc_column_text]\n<p style=\"text-align: center;\"><strong>COUNTERTOPS<\/strong><\/p>\n[\/vc_column_text]<div class=\"vcex-image vcex-module vcex-clr\"><span class=\"vcex-image-inner\"><img loading=\"lazy\" decoding=\"async\" src=\"https:\/\/www.tribar.nl\/wp-content\/uploads\/Jetstone-foto-7-500x300.jpg\" data-no-retina width=\"500\" height=\"300\" \/><\/span><\/div><div class=\"vcex-image vcex-module vcex-clr textcenter\"><span class=\"vcex-image-inner\"><img loading=\"lazy\" decoding=\"async\" src=\"https:\/\/www.tribar.nl\/wp-content\/uploads\/logo-jetstone.jpg\" alt=\"Logo Jetstone\" data-no-retina width=\"300\" height=\"174\" \/><\/span><\/div>[\/vc_column][\/vc_row][vc_row el_class=&#8220;homekop&#8220;][vc_column][vc_column_text][\/vc_column_text][vc_column_text]\n<h2>NOOYEN GROUP: MIT MEHREREN UNTERNEHMEN, DIE IN VERSCHIEDENEN BEREICHEN T\u00c4TIG SIND<\/h2>\n<p>Nooyen ist &#8211; neben ihren Aktivit\u00e4ten in der Industrie- und Architekturbranche &#8211; Markt- und Technologief\u00fchrer f\u00fcr Bodensysteme im Agrarmarkt. Mit unseren innovativen L\u00f6sungen und Qualit\u00e4tsprodukten entwickeln wir technologisch hochwertige Produkte, die auf Tierschutz, Hygiene und Ergebnisse ausgerichtet sind.<\/p>\n<p>Sie m\u00f6chten mehr \u00fcber die Unternehmen der Nooyen-Gruppe erfahren? Siehe www.nooyen.com\/nl\/onze-bedrijven[\/vc_column_text][\/vc_column][\/vc_row]\n<\/div>","protected":false},"excerpt":{"rendered":"<p>[vc_row el_class=&#8220;homekop&#8220;][vc_column][vc_column_text] Nooyen Group F\u00fchrender internationaler Akteur [\/vc_column_text][vc_column_text]Tribar, Teil der Nooyen-Gruppe, ist ein Unternehmen, das sich auf die Herstellung von hochwertigen Industriekonstruktionen und architektonischen Anwendungen von Stahlprodukten spezialisiert hat. Tribar ist ein vielseitiges Produkt mit einem industriellen und robusten Erscheinungsbild,&hellip;<\/p>\n","protected":false},"author":1,"featured_media":6790,"parent":0,"menu_order":0,"comment_status":"closed","ping_status":"closed","template":"","meta":{"footnotes":""},"class_list":["post-6749","page","type-page","status-publish","has-post-thumbnail","hentry","entry","has-media"],"yoast_head":"<!-- This site is optimized with the Yoast SEO plugin v27.6 - https:\/\/yoast.com\/product\/yoast-seo-wordpress\/ -->\n<title>Unternehmen Nooyen Group - Tribar<\/title>\n<meta name=\"robots\" content=\"index, follow, max-snippet:-1, max-image-preview:large, max-video-preview:-1\" \/>\n<link rel=\"canonical\" href=\"https:\/\/www.tribar.nl\/de\/unternehmen-nooyen-group\/\" \/>\n<meta property=\"og:locale\" content=\"de_DE\" \/>\n<meta property=\"og:type\" content=\"article\" \/>\n<meta property=\"og:title\" content=\"Unternehmen Nooyen Group - Tribar\" \/>\n<meta property=\"og:description\" content=\"[vc_row el_class=&#8220;homekop&#8220;][vc_column][vc_column_text] Nooyen Group F\u00fchrender internationaler Akteur [\/vc_column_text][vc_column_text]Tribar, Teil der Nooyen-Gruppe, ist ein Unternehmen, das sich auf die Herstellung von hochwertigen Industriekonstruktionen und architektonischen Anwendungen von Stahlprodukten spezialisiert hat. Tribar ist ein vielseitiges Produkt mit einem industriellen und robusten Erscheinungsbild,&hellip;\" \/>\n<meta property=\"og:url\" content=\"https:\/\/www.tribar.nl\/de\/unternehmen-nooyen-group\/\" \/>\n<meta property=\"og:site_name\" content=\"Tribar\" \/>\n<meta property=\"og:image\" content=\"https:\/\/www.tribar.nl\/wp-content\/uploads\/Tribar-Constructie-Schiphol.jpg\" \/>\n\t<meta property=\"og:image:width\" content=\"1687\" \/>\n\t<meta property=\"og:image:height\" content=\"700\" \/>\n\t<meta property=\"og:image:type\" content=\"image\/jpeg\" \/>\n<meta name=\"twitter:card\" content=\"summary_large_image\" \/>\n<meta name=\"twitter:label1\" content=\"Gesch\u00e4tzte Lesezeit\" \/>\n\t<meta name=\"twitter:data1\" content=\"2\u00a0Minuten\" \/>\n<script type=\"application\/ld+json\" class=\"yoast-schema-graph\">{\"@context\":\"https:\\\/\\\/schema.org\",\"@graph\":[{\"@type\":\"WebPage\",\"@id\":\"https:\\\/\\\/www.tribar.nl\\\/de\\\/unternehmen-nooyen-group\\\/\",\"url\":\"https:\\\/\\\/www.tribar.nl\\\/de\\\/unternehmen-nooyen-group\\\/\",\"name\":\"Unternehmen Nooyen Group - Tribar\",\"isPartOf\":{\"@id\":\"https:\\\/\\\/www.tribar.nl\\\/de\\\/#website\"},\"primaryImageOfPage\":{\"@id\":\"https:\\\/\\\/www.tribar.nl\\\/de\\\/unternehmen-nooyen-group\\\/#primaryimage\"},\"image\":{\"@id\":\"https:\\\/\\\/www.tribar.nl\\\/de\\\/unternehmen-nooyen-group\\\/#primaryimage\"},\"thumbnailUrl\":\"https:\\\/\\\/www.tribar.nl\\\/wp-content\\\/uploads\\\/Tribar-Constructie-Schiphol.jpg\",\"datePublished\":\"2021-07-23T07:06:10+00:00\",\"breadcrumb\":{\"@id\":\"https:\\\/\\\/www.tribar.nl\\\/de\\\/unternehmen-nooyen-group\\\/#breadcrumb\"},\"inLanguage\":\"de\",\"potentialAction\":[{\"@type\":\"ReadAction\",\"target\":[\"https:\\\/\\\/www.tribar.nl\\\/de\\\/unternehmen-nooyen-group\\\/\"]}]},{\"@type\":\"ImageObject\",\"inLanguage\":\"de\",\"@id\":\"https:\\\/\\\/www.tribar.nl\\\/de\\\/unternehmen-nooyen-group\\\/#primaryimage\",\"url\":\"https:\\\/\\\/www.tribar.nl\\\/wp-content\\\/uploads\\\/Tribar-Constructie-Schiphol.jpg\",\"contentUrl\":\"https:\\\/\\\/www.tribar.nl\\\/wp-content\\\/uploads\\\/Tribar-Constructie-Schiphol.jpg\",\"width\":1687,\"height\":700},{\"@type\":\"BreadcrumbList\",\"@id\":\"https:\\\/\\\/www.tribar.nl\\\/de\\\/unternehmen-nooyen-group\\\/#breadcrumb\",\"itemListElement\":[{\"@type\":\"ListItem\",\"position\":1,\"name\":\"Home\",\"item\":\"https:\\\/\\\/www.tribar.nl\\\/de\\\/\"},{\"@type\":\"ListItem\",\"position\":2,\"name\":\"Unternehmen Nooyen Group\"}]},{\"@type\":\"WebSite\",\"@id\":\"https:\\\/\\\/www.tribar.nl\\\/de\\\/#website\",\"url\":\"https:\\\/\\\/www.tribar.nl\\\/de\\\/\",\"name\":\"Tribar\",\"description\":\"Tribar\",\"publisher\":{\"@id\":\"https:\\\/\\\/www.tribar.nl\\\/de\\\/#organization\"},\"potentialAction\":[{\"@type\":\"SearchAction\",\"target\":{\"@type\":\"EntryPoint\",\"urlTemplate\":\"https:\\\/\\\/www.tribar.nl\\\/de\\\/?s={search_term_string}\"},\"query-input\":{\"@type\":\"PropertyValueSpecification\",\"valueRequired\":true,\"valueName\":\"search_term_string\"}}],\"inLanguage\":\"de\"},{\"@type\":\"Organization\",\"@id\":\"https:\\\/\\\/www.tribar.nl\\\/de\\\/#organization\",\"name\":\"Tribar\",\"url\":\"https:\\\/\\\/www.tribar.nl\\\/de\\\/\",\"logo\":{\"@type\":\"ImageObject\",\"inLanguage\":\"de\",\"@id\":\"https:\\\/\\\/www.tribar.nl\\\/de\\\/#\\\/schema\\\/logo\\\/image\\\/\",\"url\":\"https:\\\/\\\/www.tribar.nl\\\/wp-content\\\/uploads\\\/logo-tribar-dia.png\",\"contentUrl\":\"https:\\\/\\\/www.tribar.nl\\\/wp-content\\\/uploads\\\/logo-tribar-dia.png\",\"width\":341,\"height\":104,\"caption\":\"Tribar\"},\"image\":{\"@id\":\"https:\\\/\\\/www.tribar.nl\\\/de\\\/#\\\/schema\\\/logo\\\/image\\\/\"}}]}<\/script>\n<!-- \/ Yoast SEO plugin. -->","yoast_head_json":{"title":"Unternehmen Nooyen Group - Tribar","robots":{"index":"index","follow":"follow","max-snippet":"max-snippet:-1","max-image-preview":"max-image-preview:large","max-video-preview":"max-video-preview:-1"},"canonical":"https:\/\/www.tribar.nl\/de\/unternehmen-nooyen-group\/","og_locale":"de_DE","og_type":"article","og_title":"Unternehmen Nooyen Group - Tribar","og_description":"[vc_row el_class=&#8220;homekop&#8220;][vc_column][vc_column_text] Nooyen Group F\u00fchrender internationaler Akteur [\/vc_column_text][vc_column_text]Tribar, Teil der Nooyen-Gruppe, ist ein Unternehmen, das sich auf die Herstellung von hochwertigen Industriekonstruktionen und architektonischen Anwendungen von Stahlprodukten spezialisiert hat. Tribar ist ein vielseitiges Produkt mit einem industriellen und robusten Erscheinungsbild,&hellip;","og_url":"https:\/\/www.tribar.nl\/de\/unternehmen-nooyen-group\/","og_site_name":"Tribar","og_image":[{"width":1687,"height":700,"url":"https:\/\/www.tribar.nl\/wp-content\/uploads\/Tribar-Constructie-Schiphol.jpg","type":"image\/jpeg"}],"twitter_card":"summary_large_image","twitter_misc":{"Gesch\u00e4tzte Lesezeit":"2\u00a0Minuten"},"schema":{"@context":"https:\/\/schema.org","@graph":[{"@type":"WebPage","@id":"https:\/\/www.tribar.nl\/de\/unternehmen-nooyen-group\/","url":"https:\/\/www.tribar.nl\/de\/unternehmen-nooyen-group\/","name":"Unternehmen Nooyen Group - Tribar","isPartOf":{"@id":"https:\/\/www.tribar.nl\/de\/#website"},"primaryImageOfPage":{"@id":"https:\/\/www.tribar.nl\/de\/unternehmen-nooyen-group\/#primaryimage"},"image":{"@id":"https:\/\/www.tribar.nl\/de\/unternehmen-nooyen-group\/#primaryimage"},"thumbnailUrl":"https:\/\/www.tribar.nl\/wp-content\/uploads\/Tribar-Constructie-Schiphol.jpg","datePublished":"2021-07-23T07:06:10+00:00","breadcrumb":{"@id":"https:\/\/www.tribar.nl\/de\/unternehmen-nooyen-group\/#breadcrumb"},"inLanguage":"de","potentialAction":[{"@type":"ReadAction","target":["https:\/\/www.tribar.nl\/de\/unternehmen-nooyen-group\/"]}]},{"@type":"ImageObject","inLanguage":"de","@id":"https:\/\/www.tribar.nl\/de\/unternehmen-nooyen-group\/#primaryimage","url":"https:\/\/www.tribar.nl\/wp-content\/uploads\/Tribar-Constructie-Schiphol.jpg","contentUrl":"https:\/\/www.tribar.nl\/wp-content\/uploads\/Tribar-Constructie-Schiphol.jpg","width":1687,"height":700},{"@type":"BreadcrumbList","@id":"https:\/\/www.tribar.nl\/de\/unternehmen-nooyen-group\/#breadcrumb","itemListElement":[{"@type":"ListItem","position":1,"name":"Home","item":"https:\/\/www.tribar.nl\/de\/"},{"@type":"ListItem","position":2,"name":"Unternehmen Nooyen Group"}]},{"@type":"WebSite","@id":"https:\/\/www.tribar.nl\/de\/#website","url":"https:\/\/www.tribar.nl\/de\/","name":"Tribar","description":"Tribar","publisher":{"@id":"https:\/\/www.tribar.nl\/de\/#organization"},"potentialAction":[{"@type":"SearchAction","target":{"@type":"EntryPoint","urlTemplate":"https:\/\/www.tribar.nl\/de\/?s={search_term_string}"},"query-input":{"@type":"PropertyValueSpecification","valueRequired":true,"valueName":"search_term_string"}}],"inLanguage":"de"},{"@type":"Organization","@id":"https:\/\/www.tribar.nl\/de\/#organization","name":"Tribar","url":"https:\/\/www.tribar.nl\/de\/","logo":{"@type":"ImageObject","inLanguage":"de","@id":"https:\/\/www.tribar.nl\/de\/#\/schema\/logo\/image\/","url":"https:\/\/www.tribar.nl\/wp-content\/uploads\/logo-tribar-dia.png","contentUrl":"https:\/\/www.tribar.nl\/wp-content\/uploads\/logo-tribar-dia.png","width":341,"height":104,"caption":"Tribar"},"image":{"@id":"https:\/\/www.tribar.nl\/de\/#\/schema\/logo\/image\/"}}]}},"_links":{"self":[{"href":"https:\/\/www.tribar.nl\/de\/wp-json\/wp\/v2\/pages\/6749","targetHints":{"allow":["GET"]}}],"collection":[{"href":"https:\/\/www.tribar.nl\/de\/wp-json\/wp\/v2\/pages"}],"about":[{"href":"https:\/\/www.tribar.nl\/de\/wp-json\/wp\/v2\/types\/page"}],"author":[{"embeddable":true,"href":"https:\/\/www.tribar.nl\/de\/wp-json\/wp\/v2\/users\/1"}],"replies":[{"embeddable":true,"href":"https:\/\/www.tribar.nl\/de\/wp-json\/wp\/v2\/comments?post=6749"}],"version-history":[{"count":2,"href":"https:\/\/www.tribar.nl\/de\/wp-json\/wp\/v2\/pages\/6749\/revisions"}],"predecessor-version":[{"id":6791,"href":"https:\/\/www.tribar.nl\/de\/wp-json\/wp\/v2\/pages\/6749\/revisions\/6791"}],"wp:featuredmedia":[{"embeddable":true,"href":"https:\/\/www.tribar.nl\/de\/wp-json\/wp\/v2\/media\/6790"}],"wp:attachment":[{"href":"https:\/\/www.tribar.nl\/de\/wp-json\/wp\/v2\/media?parent=6749"}],"curies":[{"name":"wp","href":"https:\/\/api.w.org\/{rel}","templated":true}]}}