{"id":6699,"date":"2021-07-23T06:58:41","date_gmt":"2021-07-23T06:58:41","guid":{"rendered":"https:\/\/www.tribar.nl\/?page_id=6699"},"modified":"2021-07-26T08:44:39","modified_gmt":"2021-07-26T08:44:39","slug":"uber-uns","status":"publish","type":"page","link":"https:\/\/www.tribar.nl\/de\/uber-uns\/","title":{"rendered":"\u00dcber uns"},"content":{"rendered":"<div class=\"wpb-content-wrapper\">[vc_row][vc_column width=&#8220;1\/3&#8243;][vc_column_text el_class=&#8220;homekop&#8220;]\n<h6>Tribar<\/h6>\n<h2 class=\"elementor-heading-title elementor-size-default\">Teil der Nooyen Gruppe<\/h2>\n[\/vc_column_text][vc_column_text]Tribar, Teil der Nooyen-Gruppe, ist ein Unternehmen, das sich auf die Herstellung von hochwertigen Industriekonstruktionen und architektonischen Anwendungen von Stahlprodukten spezialisiert hat. Tribar ist ein vielseitiges Produkt mit einem industriellen und robusten Erscheinungsbild, hergestellt aus Dreikantstahl. Es hat einen stilvollen, utilitaristischen Charakter, ist langlebig und hat besondere Anwendungsm\u00f6glichkeiten.[\/vc_column_text][\/vc_column][vc_column width=&#8220;2\/3&#8243;][vc_video link=&#8220;https:\/\/www.youtube.com\/watch?v=zTZ0qnXDSsw&#8220;][\/vc_column][\/vc_row][vc_row][vc_column width=&#8220;1\/2&#8243;][vc_column_text]<img decoding=\"async\" class=\"alignnone size-large wp-image-278\" src=\"\/wp-content\/uploads\/IMG_7778-1024x682.jpg\" alt=\"Rooster panelen\" width=\"100%\" height=\"100%\" srcset=\"https:\/\/www.tribar.nl\/wp-content\/uploads\/IMG_7778.jpg 1024w, https:\/\/www.tribar.nl\/wp-content\/uploads\/IMG_7778-300x200.jpg 300w, https:\/\/www.tribar.nl\/wp-content\/uploads\/IMG_7778-768x512.jpg 768w\" sizes=\"(max-width: 1024px) 100vw, 1024px\" \/>[\/vc_column_text][\/vc_column][vc_column width=&#8220;1\/2&#8243;][vc_column_text]\n<h2>Eine Garantie f\u00fcr ein perfektes Endergebnis<\/h2>\n<p>.<br \/>\nNooyen Manufacturing BV verf\u00fcgt \u00fcber alle Kenntnisse, um Tribar-Produkte nach Ma\u00df und nach Ihren spezifischen W\u00fcnschen herzustellen. Unser Team h\u00f6rt sich Ihre W\u00fcnsche an, erkl\u00e4rt Ihnen die vielen M\u00f6glichkeiten und sucht gemeinsam mit Ihnen nach der bestm\u00f6glichen L\u00f6sung f\u00fcr Ihr Projekt. Ihr Ansprechpartner bei Nooyen Manufacturing BV steht in engem Kontakt mit seinen Technikern: eine Garantie f\u00fcr ein perfektes Endergebnis.[\/vc_column_text][\/vc_column][\/vc_row]\n<\/div>","protected":false},"excerpt":{"rendered":"<p>[vc_row][vc_column width=&#8220;1\/3&#8243;][vc_column_text el_class=&#8220;homekop&#8220;] Tribar Teil der Nooyen Gruppe [\/vc_column_text][vc_column_text]Tribar, Teil der Nooyen-Gruppe, ist ein Unternehmen, das sich auf die Herstellung von hochwertigen Industriekonstruktionen und architektonischen Anwendungen von Stahlprodukten spezialisiert hat. Tribar ist ein vielseitiges Produkt mit einem industriellen und robusten&hellip;<\/p>\n","protected":false},"author":1,"featured_media":6703,"parent":0,"menu_order":0,"comment_status":"closed","ping_status":"closed","template":"","meta":{"footnotes":""},"class_list":["post-6699","page","type-page","status-publish","has-post-thumbnail","hentry","entry","has-media"],"yoast_head":"<!-- This site is optimized with the Yoast SEO plugin v27.4 - https:\/\/yoast.com\/product\/yoast-seo-wordpress\/ -->\n<title>\u00dcber uns - Tribar<\/title>\n<meta name=\"robots\" content=\"index, follow, max-snippet:-1, max-image-preview:large, max-video-preview:-1\" \/>\n<link rel=\"canonical\" href=\"https:\/\/www.tribar.nl\/de\/uber-uns\/\" \/>\n<meta property=\"og:locale\" content=\"de_DE\" \/>\n<meta property=\"og:type\" content=\"article\" \/>\n<meta property=\"og:title\" content=\"\u00dcber uns - Tribar\" \/>\n<meta property=\"og:description\" content=\"[vc_row][vc_column width=&#8220;1\/3&#8243;][vc_column_text el_class=&#8220;homekop&#8220;] Tribar Teil der Nooyen Gruppe [\/vc_column_text][vc_column_text]Tribar, Teil der Nooyen-Gruppe, ist ein Unternehmen, das sich auf die Herstellung von hochwertigen Industriekonstruktionen und architektonischen Anwendungen von Stahlprodukten spezialisiert hat. Tribar ist ein vielseitiges Produkt mit einem industriellen und robusten&hellip;\" \/>\n<meta property=\"og:url\" content=\"https:\/\/www.tribar.nl\/de\/uber-uns\/\" \/>\n<meta property=\"og:site_name\" content=\"Tribar\" \/>\n<meta property=\"article:modified_time\" content=\"2021-07-26T08:44:39+00:00\" \/>\n<meta property=\"og:image\" content=\"https:\/\/www.tribar.nl\/wp-content\/uploads\/header-laag-tribar_01-1.jpg\" \/>\n\t<meta property=\"og:image:width\" content=\"1366\" \/>\n\t<meta property=\"og:image:height\" content=\"311\" \/>\n\t<meta property=\"og:image:type\" content=\"image\/jpeg\" \/>\n<meta name=\"twitter:card\" content=\"summary_large_image\" \/>\n<meta name=\"twitter:label1\" content=\"Gesch\u00e4tzte Lesezeit\" \/>\n\t<meta name=\"twitter:data1\" content=\"1\u00a0Minute\" \/>\n<script type=\"application\/ld+json\" class=\"yoast-schema-graph\">{\"@context\":\"https:\\\/\\\/schema.org\",\"@graph\":[{\"@type\":\"WebPage\",\"@id\":\"https:\\\/\\\/www.tribar.nl\\\/de\\\/uber-uns\\\/\",\"url\":\"https:\\\/\\\/www.tribar.nl\\\/de\\\/uber-uns\\\/\",\"name\":\"\u00dcber uns - Tribar\",\"isPartOf\":{\"@id\":\"https:\\\/\\\/www.tribar.nl\\\/de\\\/#website\"},\"primaryImageOfPage\":{\"@id\":\"https:\\\/\\\/www.tribar.nl\\\/de\\\/uber-uns\\\/#primaryimage\"},\"image\":{\"@id\":\"https:\\\/\\\/www.tribar.nl\\\/de\\\/uber-uns\\\/#primaryimage\"},\"thumbnailUrl\":\"https:\\\/\\\/www.tribar.nl\\\/wp-content\\\/uploads\\\/header-laag-tribar_01-1.jpg\",\"datePublished\":\"2021-07-23T06:58:41+00:00\",\"dateModified\":\"2021-07-26T08:44:39+00:00\",\"breadcrumb\":{\"@id\":\"https:\\\/\\\/www.tribar.nl\\\/de\\\/uber-uns\\\/#breadcrumb\"},\"inLanguage\":\"de\",\"potentialAction\":[{\"@type\":\"ReadAction\",\"target\":[\"https:\\\/\\\/www.tribar.nl\\\/de\\\/uber-uns\\\/\"]}]},{\"@type\":\"ImageObject\",\"inLanguage\":\"de\",\"@id\":\"https:\\\/\\\/www.tribar.nl\\\/de\\\/uber-uns\\\/#primaryimage\",\"url\":\"https:\\\/\\\/www.tribar.nl\\\/wp-content\\\/uploads\\\/header-laag-tribar_01-1.jpg\",\"contentUrl\":\"https:\\\/\\\/www.tribar.nl\\\/wp-content\\\/uploads\\\/header-laag-tribar_01-1.jpg\",\"width\":1366,\"height\":311},{\"@type\":\"BreadcrumbList\",\"@id\":\"https:\\\/\\\/www.tribar.nl\\\/de\\\/uber-uns\\\/#breadcrumb\",\"itemListElement\":[{\"@type\":\"ListItem\",\"position\":1,\"name\":\"Home\",\"item\":\"https:\\\/\\\/www.tribar.nl\\\/de\\\/\"},{\"@type\":\"ListItem\",\"position\":2,\"name\":\"\u00dcber uns\"}]},{\"@type\":\"WebSite\",\"@id\":\"https:\\\/\\\/www.tribar.nl\\\/de\\\/#website\",\"url\":\"https:\\\/\\\/www.tribar.nl\\\/de\\\/\",\"name\":\"Tribar\",\"description\":\"Tribar\",\"publisher\":{\"@id\":\"https:\\\/\\\/www.tribar.nl\\\/de\\\/#organization\"},\"potentialAction\":[{\"@type\":\"SearchAction\",\"target\":{\"@type\":\"EntryPoint\",\"urlTemplate\":\"https:\\\/\\\/www.tribar.nl\\\/de\\\/?s={search_term_string}\"},\"query-input\":{\"@type\":\"PropertyValueSpecification\",\"valueRequired\":true,\"valueName\":\"search_term_string\"}}],\"inLanguage\":\"de\"},{\"@type\":\"Organization\",\"@id\":\"https:\\\/\\\/www.tribar.nl\\\/de\\\/#organization\",\"name\":\"Tribar\",\"url\":\"https:\\\/\\\/www.tribar.nl\\\/de\\\/\",\"logo\":{\"@type\":\"ImageObject\",\"inLanguage\":\"de\",\"@id\":\"https:\\\/\\\/www.tribar.nl\\\/de\\\/#\\\/schema\\\/logo\\\/image\\\/\",\"url\":\"https:\\\/\\\/www.tribar.nl\\\/wp-content\\\/uploads\\\/logo-tribar-dia.png\",\"contentUrl\":\"https:\\\/\\\/www.tribar.nl\\\/wp-content\\\/uploads\\\/logo-tribar-dia.png\",\"width\":341,\"height\":104,\"caption\":\"Tribar\"},\"image\":{\"@id\":\"https:\\\/\\\/www.tribar.nl\\\/de\\\/#\\\/schema\\\/logo\\\/image\\\/\"}}]}<\/script>\n<!-- \/ Yoast SEO plugin. -->","yoast_head_json":{"title":"\u00dcber uns - Tribar","robots":{"index":"index","follow":"follow","max-snippet":"max-snippet:-1","max-image-preview":"max-image-preview:large","max-video-preview":"max-video-preview:-1"},"canonical":"https:\/\/www.tribar.nl\/de\/uber-uns\/","og_locale":"de_DE","og_type":"article","og_title":"\u00dcber uns - Tribar","og_description":"[vc_row][vc_column width=&#8220;1\/3&#8243;][vc_column_text el_class=&#8220;homekop&#8220;] Tribar Teil der Nooyen Gruppe [\/vc_column_text][vc_column_text]Tribar, Teil der Nooyen-Gruppe, ist ein Unternehmen, das sich auf die Herstellung von hochwertigen Industriekonstruktionen und architektonischen Anwendungen von Stahlprodukten spezialisiert hat. Tribar ist ein vielseitiges Produkt mit einem industriellen und robusten&hellip;","og_url":"https:\/\/www.tribar.nl\/de\/uber-uns\/","og_site_name":"Tribar","article_modified_time":"2021-07-26T08:44:39+00:00","og_image":[{"width":1366,"height":311,"url":"https:\/\/www.tribar.nl\/wp-content\/uploads\/header-laag-tribar_01-1.jpg","type":"image\/jpeg"}],"twitter_card":"summary_large_image","twitter_misc":{"Gesch\u00e4tzte Lesezeit":"1\u00a0Minute"},"schema":{"@context":"https:\/\/schema.org","@graph":[{"@type":"WebPage","@id":"https:\/\/www.tribar.nl\/de\/uber-uns\/","url":"https:\/\/www.tribar.nl\/de\/uber-uns\/","name":"\u00dcber uns - Tribar","isPartOf":{"@id":"https:\/\/www.tribar.nl\/de\/#website"},"primaryImageOfPage":{"@id":"https:\/\/www.tribar.nl\/de\/uber-uns\/#primaryimage"},"image":{"@id":"https:\/\/www.tribar.nl\/de\/uber-uns\/#primaryimage"},"thumbnailUrl":"https:\/\/www.tribar.nl\/wp-content\/uploads\/header-laag-tribar_01-1.jpg","datePublished":"2021-07-23T06:58:41+00:00","dateModified":"2021-07-26T08:44:39+00:00","breadcrumb":{"@id":"https:\/\/www.tribar.nl\/de\/uber-uns\/#breadcrumb"},"inLanguage":"de","potentialAction":[{"@type":"ReadAction","target":["https:\/\/www.tribar.nl\/de\/uber-uns\/"]}]},{"@type":"ImageObject","inLanguage":"de","@id":"https:\/\/www.tribar.nl\/de\/uber-uns\/#primaryimage","url":"https:\/\/www.tribar.nl\/wp-content\/uploads\/header-laag-tribar_01-1.jpg","contentUrl":"https:\/\/www.tribar.nl\/wp-content\/uploads\/header-laag-tribar_01-1.jpg","width":1366,"height":311},{"@type":"BreadcrumbList","@id":"https:\/\/www.tribar.nl\/de\/uber-uns\/#breadcrumb","itemListElement":[{"@type":"ListItem","position":1,"name":"Home","item":"https:\/\/www.tribar.nl\/de\/"},{"@type":"ListItem","position":2,"name":"\u00dcber uns"}]},{"@type":"WebSite","@id":"https:\/\/www.tribar.nl\/de\/#website","url":"https:\/\/www.tribar.nl\/de\/","name":"Tribar","description":"Tribar","publisher":{"@id":"https:\/\/www.tribar.nl\/de\/#organization"},"potentialAction":[{"@type":"SearchAction","target":{"@type":"EntryPoint","urlTemplate":"https:\/\/www.tribar.nl\/de\/?s={search_term_string}"},"query-input":{"@type":"PropertyValueSpecification","valueRequired":true,"valueName":"search_term_string"}}],"inLanguage":"de"},{"@type":"Organization","@id":"https:\/\/www.tribar.nl\/de\/#organization","name":"Tribar","url":"https:\/\/www.tribar.nl\/de\/","logo":{"@type":"ImageObject","inLanguage":"de","@id":"https:\/\/www.tribar.nl\/de\/#\/schema\/logo\/image\/","url":"https:\/\/www.tribar.nl\/wp-content\/uploads\/logo-tribar-dia.png","contentUrl":"https:\/\/www.tribar.nl\/wp-content\/uploads\/logo-tribar-dia.png","width":341,"height":104,"caption":"Tribar"},"image":{"@id":"https:\/\/www.tribar.nl\/de\/#\/schema\/logo\/image\/"}}]}},"_links":{"self":[{"href":"https:\/\/www.tribar.nl\/de\/wp-json\/wp\/v2\/pages\/6699","targetHints":{"allow":["GET"]}}],"collection":[{"href":"https:\/\/www.tribar.nl\/de\/wp-json\/wp\/v2\/pages"}],"about":[{"href":"https:\/\/www.tribar.nl\/de\/wp-json\/wp\/v2\/types\/page"}],"author":[{"embeddable":true,"href":"https:\/\/www.tribar.nl\/de\/wp-json\/wp\/v2\/users\/1"}],"replies":[{"embeddable":true,"href":"https:\/\/www.tribar.nl\/de\/wp-json\/wp\/v2\/comments?post=6699"}],"version-history":[{"count":4,"href":"https:\/\/www.tribar.nl\/de\/wp-json\/wp\/v2\/pages\/6699\/revisions"}],"predecessor-version":[{"id":7053,"href":"https:\/\/www.tribar.nl\/de\/wp-json\/wp\/v2\/pages\/6699\/revisions\/7053"}],"wp:featuredmedia":[{"embeddable":true,"href":"https:\/\/www.tribar.nl\/de\/wp-json\/wp\/v2\/media\/6703"}],"wp:attachment":[{"href":"https:\/\/www.tribar.nl\/de\/wp-json\/wp\/v2\/media?parent=6699"}],"curies":[{"name":"wp","href":"https:\/\/api.w.org\/{rel}","templated":true}]}}